{"id":2887,"date":"2016-03-12T00:02:16","date_gmt":"2016-03-11T21:02:16","guid":{"rendered":"http:\/\/www.online-marketing-russland.de\/jobs\/"},"modified":"2019-03-28T12:41:25","modified_gmt":"2019-03-28T09:41:25","slug":"jobs","status":"publish","type":"page","link":"https:\/\/www.online-marketing-russland.de\/en\/jobs\/","title":{"rendered":"Jobs (Russian\/ Russia)"},"content":{"rendered":"\n<style type=\"text\/css\" data-created_by=\"avia_inline_auto\" id=\"style-css-av-rxah5z-a54aefb651a672a91105a240bacd03a5\">\n.flex_column.av-rxah5z-a54aefb651a672a91105a240bacd03a5{\nborder-radius:0px 0px 0px 0px;\npadding:30px 0px 0px 0px;\n}\n<\/style>\n<div  class='flex_column av-rxah5z-a54aefb651a672a91105a240bacd03a5 av_one_full  avia-builder-el-0  el_before_av_heading  avia-builder-el-first  first flex_column_div av-animated-generic pop-up  '     ><style type=\"text\/css\" data-created_by=\"avia_inline_auto\" id=\"style-css-av-2j663b-e0011f6f52c4b520ade0d967865f6851\">\n#top .av-special-heading.av-2j663b-e0011f6f52c4b520ade0d967865f6851{\npadding-bottom:10px;\n}\nbody .av-special-heading.av-2j663b-e0011f6f52c4b520ade0d967865f6851 .av-special-heading-tag .heading-char{\nfont-size:25px;\n}\n.av-special-heading.av-2j663b-e0011f6f52c4b520ade0d967865f6851 .av-subheading{\nfont-size:15px;\n}\n<\/style>\n<div  class='av-special-heading av-2j663b-e0011f6f52c4b520ade0d967865f6851 av-special-heading-h1 blockquote modern-quote modern-centered  avia-builder-el-1  avia-builder-el-no-sibling '><h1 class='av-special-heading-tag'  itemprop=\"headline\"  >Jobs at ONMARUS<\/h1><div class=\"special-heading-border\"><div class=\"special-heading-inner-border\"><\/div><\/div><\/div><\/div>\n\n<style type=\"text\/css\" data-created_by=\"avia_inline_auto\" id=\"style-css-av-av_heading-7197c992bf36c2a0e196746aebf0c712\">\n#top .av-special-heading.av-av_heading-7197c992bf36c2a0e196746aebf0c712{\npadding-bottom:10px;\n}\nbody .av-special-heading.av-av_heading-7197c992bf36c2a0e196746aebf0c712 .av-special-heading-tag .heading-char{\nfont-size:25px;\n}\n.av-special-heading.av-av_heading-7197c992bf36c2a0e196746aebf0c712 .av-subheading{\nfont-size:15px;\n}\n<\/style>\n<div  class='av-special-heading av-av_heading-7197c992bf36c2a0e196746aebf0c712 av-special-heading-h3 blockquote modern-quote modern-centered  avia-builder-el-2  el_after_av_one_full  el_before_av_one_full '><h3 class='av-special-heading-tag'  itemprop=\"headline\"  >Permanent Positions<\/h3><div class=\"special-heading-border\"><div class=\"special-heading-inner-border\"><\/div><\/div><\/div>\n<div class='flex_column_table av-m8majb-a50b4c13ebfc955d800a3c9b87be4526 sc-av_one_full av-equal-height-column-flextable'>\n<style type=\"text\/css\" data-created_by=\"avia_inline_auto\" id=\"style-css-av-m8majb-a50b4c13ebfc955d800a3c9b87be4526\">\n.flex_column.av-m8majb-a50b4c13ebfc955d800a3c9b87be4526{\nborder-radius:0px 0px 0px 0px;\npadding:20px 20px 0px 20px;\n}\n<\/style>\n<div  class='flex_column av-m8majb-a50b4c13ebfc955d800a3c9b87be4526 av_one_full  avia-builder-el-3  el_after_av_heading  el_before_av_section  avia-builder-el-last  first flex_column_table_cell av-equal-height-column av-align-top  '     ><section  class='av_textblock_section av-kfa6lz-4de4074aea70c8baee8662255508f377 '   itemscope=\"itemscope\" itemtype=\"https:\/\/schema.org\/CreativeWork\" ><div class='avia_textblock'  itemprop=\"text\" ><p>Our current job offers:<\/p>\n<\/div><\/section><\/div><\/div><!--close column table wrapper. Autoclose: 1 -->\n<\/div><\/div><\/div><!-- close content main div --><\/div><\/div>\n<style type=\"text\/css\" data-created_by=\"avia_inline_auto\" id=\"style-css-av-j6xe1j-37313d3a5b946d6c48e80781dcfe3926\">\n.avia-section.av-j6xe1j-37313d3a5b946d6c48e80781dcfe3926{\nbackground-color:#ffffff;\nbackground-image:unset;\n}\n<\/style>\n<div id='av_section_1'  class='avia-section av-j6xe1j-37313d3a5b946d6c48e80781dcfe3926 main_color avia-section-no-padding avia-no-shadow  avia-builder-el-5  el_after_av_one_full  el_before_av_textblock  avia-bg-style-scroll container_wrap sidebar_right'  ><div class='container av-section-cont-open' ><div class='template-page content  av-content-small alpha units'><div class='post-entry post-entry-type-page post-entry-2887'><div class='entry-content-wrapper clearfix'>\n\n<style type=\"text\/css\" data-created_by=\"avia_inline_auto\" id=\"style-css-av-hfssrr-87cb64a2ad4bb00f4697234c3abbfe8f\">\n.flex_column.av-hfssrr-87cb64a2ad4bb00f4697234c3abbfe8f{\nborder-radius:0px 0px 0px 0px;\npadding:20px 20px 0px 20px;\n}\n<\/style>\n<div  class='flex_column av-hfssrr-87cb64a2ad4bb00f4697234c3abbfe8f av_one_full  avia-builder-el-6  el_before_av_one_full  avia-builder-el-first  first flex_column_div  '     ><section  class='av_textblock_section av-jtr3bdep-38bd6634161350cc3adb70f9f5079e20 '   itemscope=\"itemscope\" itemtype=\"https:\/\/schema.org\/CreativeWork\" ><div class='avia_textblock'  itemprop=\"text\" ><h3><em><strong><u>ONLINE MARKETING MANAGER (Russia) m\/w &#8211; Full\/Part-time job<br \/>\n<\/u><\/strong><\/em><\/h3>\n<p>Are you looking for a new Job in Online Advertising Agency? Can you speak Russian, German or\/and English? You might be the right one <span class=\"st\"> to join our team<\/span>!<\/p>\n<p><strong>What will you be doing:<\/strong><\/p>\n<p>&#8211; Develop and execute a strategy in Social Media Management and Advertising (OK, VK, FB)<\/p>\n<p>&#8211; Analysis of performance, KPIs control daily<\/p>\n<p>&#8211; Optimization of campaigns<\/p>\n<p>&#8211; Partnermanagement<\/p>\n<p><strong>Requirements:<\/strong><\/p>\n<p>&#8211; 3-4 years of experience in Online Marketing (f.i. Google. Adwords, Yandex. Direct, Social Media Advertising, SMM etc.)<strong><br \/>\n<\/strong><\/p>\n<p>&#8211; Experiences with Tracking Software, GA or Google Tag Manager (GTM)<\/p>\n<p>&#8211; Capable of understanding technical systems and environments<\/p>\n<p>&#8211; Ability to generate specific KPI\u2019s and report on them<\/p>\n<p>&#8211; Very good knowledge of MS \u0415\u0445cel and Powerpoint<\/p>\n<p>&#8211; Russian language with extremely strong writing and verbal skills, German or Englisch as a second language<\/p>\n<p><strong>What we offer:<br \/>\n<\/strong><\/p>\n<p>&#8211; Interesting projects (Fashion, Lifestyle, Gaming etc.)<\/p>\n<p>&#8211; Working in the beautiful city Hamburg<\/p>\n<p>&#8211; Healthy snacks, drinks<\/p>\n<p>&#8211; Fair honorary and flexible work-timeshedule<\/p>\n<p><strong>Start<\/strong>: From 01.05.19<\/p>\n<p>Please contact us in German or Russian via E-Mail: jobs (at) onmarus.de<\/p>\n<h2><\/h2>\n<\/div><\/section><\/div>\n<style type=\"text\/css\" data-created_by=\"avia_inline_auto\" id=\"style-css-av-1koqqf-6aa7188f512890d6fc4a01a0f600fb98\">\n.flex_column.av-1koqqf-6aa7188f512890d6fc4a01a0f600fb98{\nborder-radius:0px 0px 0px 0px;\npadding:20px 20px 0px 20px;\n}\n<\/style>\n<div  class='flex_column av-1koqqf-6aa7188f512890d6fc4a01a0f600fb98 av_one_full  avia-builder-el-8  el_after_av_one_full  el_before_av_heading  first flex_column_div  column-top-margin'     ><section  class='av_textblock_section av-dtml2f-653372d85ffcdcf139681194fa24c3c6 '   itemscope=\"itemscope\" itemtype=\"https:\/\/schema.org\/CreativeWork\" ><div class='avia_textblock'  itemprop=\"text\" ><h3><em><strong><u>ONLINE PERFORMANCE MARKETING MANAGER (Russia)<\/u><\/strong><\/em><\/h3>\n<p><strong>Ihre Aufgaben:<\/strong><\/p>\n<p>&#8211; Steuerung von Performance Marketing Kampagnen (Display und Mobile, Product Feed Marketing und Remarketing)<\/p>\n<p>&#8211; Kooperations- und Schnittstellenmanagement mit wichtigsten Kooperationspartnern<\/p>\n<p>&#8211; Budgetierung, Verhandlung und Steuerung von Werbekooperationen<\/p>\n<p><strong>Voraussetzungen:<\/strong><\/p>\n<p>&#8211; Mindestens 1 Jahr Erfahrung im Performance Marketing Bereich (RTB\/ DSP, Social Advertising,\u00a0 Display Kampagnen) mit Fokus auf den russischen Markt<\/p>\n<p>&#8211; Erfahrung mit Tracking- und Analysetools<\/p>\n<p>&#8211; Hohe Entscheidungs- und Kommunikationsf\u00e4higkeit<\/p>\n<p>&#8211; Sorgf\u00e4ltiger und eigenst\u00e4ndiger Arbeitsstil, analytische Denkweise<\/p>\n<p>&#8211; Russischkenntnisse (Muttersprache bevorzugt), sehr gute Deutsch- und Englischkenntnisse<\/p>\n<p>&#8211; Studiumabschlu\u00df (Diplom, Master)<\/p>\n<p><strong>Was bieten wir Ihnen:<\/strong><\/p>\n<p>&#8211; Namhafte Kunden aus unterschiedlichen Bereichen (Fashion, Lifestyle, Gaming etc.)<\/p>\n<p>&#8211; Pers\u00f6nliche Entwicklung und neue Erfahrungen<\/p>\n<p>&#8211; Tolle Kollegen, super Atmosph\u00e4re,\u00a0 HVV Zuschuss, Obst und Getr\u00e4nke<\/p>\n<p>&#8211; Faire Verg\u00fctung<\/p>\n<p>Werden Sie ein Teil unseres Teams und wachsen Sie schnell mit uns!<\/p>\n<p><strong>Dauer: <\/strong>unbefristet<\/p>\n<p><strong>Eintrittsdatum<\/strong>: Ab sofort<\/p>\n<p>Bitte richten Sie Ihre aussagekr\u00e4ftige Bewerbung ausschlie\u00dflich per E-Mail an jobs(at)onmarus.de.<\/p>\n<h2><\/h2>\n<\/div><\/section><\/div>\n<style type=\"text\/css\" data-created_by=\"avia_inline_auto\" id=\"style-css-av-av_heading-37bbd10d3efba2993d247d1aaf2f9883\">\n#top .av-special-heading.av-av_heading-37bbd10d3efba2993d247d1aaf2f9883{\npadding-bottom:10px;\n}\nbody .av-special-heading.av-av_heading-37bbd10d3efba2993d247d1aaf2f9883 .av-special-heading-tag .heading-char{\nfont-size:25px;\n}\n.av-special-heading.av-av_heading-37bbd10d3efba2993d247d1aaf2f9883 .av-subheading{\nfont-size:15px;\n}\n<\/style>\n<div  class='av-special-heading av-av_heading-37bbd10d3efba2993d247d1aaf2f9883 av-special-heading-h3 blockquote modern-quote modern-centered  avia-builder-el-10  el_after_av_one_full  el_before_av_textblock '><h3 class='av-special-heading-tag'  itemprop=\"headline\"  >Praktikum \/ Trainee<\/h3><div class=\"special-heading-border\"><div class=\"special-heading-inner-border\"><\/div><\/div><\/div>\n<section  class='av_textblock_section av-aiy91z-0de70be86d6e0b46f01372cb201e449b '   itemscope=\"itemscope\" itemtype=\"https:\/\/schema.org\/CreativeWork\" ><div class='avia_textblock av_inherit_color'  itemprop=\"text\" ><p>Du hast noch keine praktischen Erfahrungen, aber hast eine Affinit\u00e4t zum Online Marketing und kannst Russisch? Dann wird es Dir bei uns gefallen. Bewirb Dich jetzt f\u00fcr ein Praktikum oder eine Trainee Stelle! Eine anschlie\u00dfende Festanstellung ist geplant!<\/p>\n<\/div><\/section>\n\n<style type=\"text\/css\" data-created_by=\"avia_inline_auto\" id=\"style-css-av-93p9av-0f07428903737dce436cc0e6946075a3\">\n.flex_column.av-93p9av-0f07428903737dce436cc0e6946075a3{\nborder-radius:0px 0px 0px 0px;\npadding:20px 20px 0px 20px;\n}\n<\/style>\n<div  class='flex_column av-93p9av-0f07428903737dce436cc0e6946075a3 av_one_full  avia-builder-el-12  el_after_av_textblock  avia-builder-el-last  first flex_column_div  column-top-margin'     ><section  class='av_textblock_section av-7874qf-84ffc38ad2832744222b28f76f4ffe6e '   itemscope=\"itemscope\" itemtype=\"https:\/\/schema.org\/CreativeWork\" ><div class='avia_textblock'  itemprop=\"text\" ><p style=\"line-height: 150%;\">Wir suchen Praktikanten f\u00fcr den Bereich <strong>Display und Mobile Advertising (Russia).<\/strong><\/p>\n<p style=\"line-height: 150%;\"><strong>Bei uns lernst Du:<\/strong><\/p>\n<p style=\"line-height: 150%;\">&#8211; Projekte in den Bereichen Display und Mobile aufsetzen<br \/>\n&#8211; Kreativ die Werbemittel einsetzen<br \/>\n&#8211; Eigenen Erfolg zeitnah analysieren<br \/>\n&#8211; Kampagnen auf Kundenziele optimieren<\/p>\n<p style=\"line-height: 150%;\"><strong>Dein Profil:<\/strong><\/p>\n<p style=\"line-height: 150%;\">&#8211; Sehr gute Russisch-Kenntnisse<br \/>\n&#8211; Interesse f\u00fcr Online Marketing und bereits erste Erfahrungen mit Werbung in Google, Yandex, Facebook o.\u00e4.<br \/>\n&#8211; Kreative Herangehensweise zu Projekten<br \/>\n&#8211; Und dabei starke analytische F\u00e4higkeiten<br \/>\n&#8211; Kontaktst\u00e4rke<\/p>\n<p style=\"line-height: 150%;\"><strong>Dauer:<\/strong> \u00a0 6 Monate<\/p>\n<p style=\"line-height: 150%;\">Bewerbung an jobs (at) onmarus.de<\/p>\n<\/div><\/section><\/div><\/div><\/div><\/div><!-- close content main div --><\/div><\/div><div id='after_section_1'  class='main_color av_default_container_wrap container_wrap sidebar_right'  ><div class='container av-section-cont-open' ><div class='template-page content  av-content-small alpha units'><div class='post-entry post-entry-type-page post-entry-2887'><div class='entry-content-wrapper clearfix'><section  class='av_textblock_section av-5s8mrr-947d3340c5483e6394817af586e6c5bb '   itemscope=\"itemscope\" itemtype=\"https:\/\/schema.org\/CreativeWork\" ><div class='avia_textblock'  itemprop=\"text\" ><div  class='avia-button-wrap avia-button-center  avia-builder-el-15  avia-builder-el-no-sibling '>\n<style type=\"text\/css\" data-created_by=\"avia_inline_auto\" id=\"style-css-av-3qmdtj-f57db2450108c0e25ddd2ced5da57cb9\">\n#top #wrap_all .avia-button.av-3qmdtj-f57db2450108c0e25ddd2ced5da57cb9{\ncolor:#ffffff;\ntransition:all 0.4s ease-in-out;\n}\n#top #wrap_all .avia-button.av-3qmdtj-f57db2450108c0e25ddd2ced5da57cb9:hover{\nbackground-color:grey;\ncolor:#ffffff;\ntransition:all 0.4s ease-in-out;\n}\n<\/style>\n<a href='https:\/\/www.online-marketing-russland.de\/kontakt\/' class='avia-color-theme-color avia-button avia-button-fullwidth av-3qmdtj-f57db2450108c0e25ddd2ced5da57cb9 avia-icon_select-no avia-color-theme-color'  ><span class='avia_iconbox_title' >Haben Sie noch Fragen? Kontaktieren Sie uns &gt;&gt;<\/span><\/a><\/div>\n<\/div><\/section><\/p>\n<\/div><\/div><\/div><!-- close content main div --><\/div><\/div>\n<style type=\"text\/css\" data-created_by=\"avia_inline_auto\" id=\"style-css-av-2ieqfr-619800c68cf68245eb567a1309126772\">\n.avia-section.av-2ieqfr-619800c68cf68245eb567a1309126772{\nbackground-color:#ffffff;\nbackground-image:unset;\n}\n<\/style>\n<div id='av_section_2'  class='avia-section av-2ieqfr-619800c68cf68245eb567a1309126772 main_color avia-section-small avia-shadow  avia-builder-el-16  el_after_av_textblock  avia-builder-el-last  avia-bg-style-scroll container_wrap sidebar_right'  ><div class='container av-section-cont-open' ><div class='template-page content  av-content-small alpha units'><div class='post-entry post-entry-type-page post-entry-2887'><div class='entry-content-wrapper clearfix'><\/div><\/div><\/div><!-- close content main div --><\/div><\/div><div id='after_section_2'  class='main_color av_default_container_wrap container_wrap sidebar_right'  ><div class='container av-section-cont-open' ><div class='template-page content  av-content-small alpha units'><div class='post-entry post-entry-type-page post-entry-2887'><div class='entry-content-wrapper clearfix'>\n","protected":false},"excerpt":{"rendered":"","protected":false},"author":1,"featured_media":0,"parent":0,"menu_order":0,"comment_status":"closed","ping_status":"closed","template":"","meta":{"_acf_changed":false,"footnotes":""},"class_list":["post-2887","page","type-page","status-publish","hentry"],"acf":[],"yoast_head":"<!-- This site is optimized with the Yoast SEO plugin v27.6 - https:\/\/yoast.com\/product\/yoast-seo-wordpress\/ -->\n<title>Jobs! Wir stellen ein, bewirb Dich bei uns. | ONMARUS<\/title>\n<meta name=\"description\" content=\"Neuer Job? Du bist Online Marketing Profi und kannst Russisch? Wir suchen Online Marketing Manager (m\/w) mit Erfahrung im SEM, SMA, Mobile. Schreib uns \u27a8\" \/>\n<meta name=\"robots\" content=\"index, follow, max-snippet:-1, max-image-preview:large, max-video-preview:-1\" \/>\n<link rel=\"canonical\" href=\"https:\/\/www.online-marketing-russland.de\/en\/jobs\/\" \/>\n<meta property=\"og:locale\" content=\"en_US\" \/>\n<meta property=\"og:type\" content=\"article\" \/>\n<meta property=\"og:title\" content=\"Jobs! Wir stellen ein, bewirb Dich bei uns. | ONMARUS\" \/>\n<meta property=\"og:description\" content=\"Neuer Job? Du bist Online Marketing Profi und kannst Russisch? Wir suchen Online Marketing Manager (m\/w) mit Erfahrung im SEM, SMA, Mobile. Schreib uns \u27a8\" \/>\n<meta property=\"og:url\" content=\"https:\/\/www.online-marketing-russland.de\/en\/jobs\/\" \/>\n<meta property=\"og:site_name\" content=\"ONMARUS\" \/>\n<meta property=\"article:publisher\" content=\"https:\/\/www.facebook.com\/online.marketing.russland\" \/>\n<meta property=\"article:modified_time\" content=\"2019-03-28T09:41:25+00:00\" \/>\n<meta name=\"twitter:card\" content=\"summary_large_image\" \/>\n<meta name=\"twitter:site\" content=\"@RusslandOnline\" \/>\n<meta name=\"twitter:label1\" content=\"Est. reading time\" \/>\n\t<meta name=\"twitter:data1\" content=\"6 minutes\" \/>\n<script type=\"application\/ld+json\" class=\"yoast-schema-graph\">{\"@context\":\"https:\\\/\\\/schema.org\",\"@graph\":[{\"@type\":\"WebPage\",\"@id\":\"https:\\\/\\\/www.online-marketing-russland.de\\\/en\\\/jobs\\\/\",\"url\":\"https:\\\/\\\/www.online-marketing-russland.de\\\/en\\\/jobs\\\/\",\"name\":\"Jobs! Wir stellen ein, bewirb Dich bei uns. | ONMARUS\",\"isPartOf\":{\"@id\":\"https:\\\/\\\/www.online-marketing-russland.de\\\/en\\\/#website\"},\"datePublished\":\"2016-03-11T21:02:16+00:00\",\"dateModified\":\"2019-03-28T09:41:25+00:00\",\"description\":\"Neuer Job? Du bist Online Marketing Profi und kannst Russisch? Wir suchen Online Marketing Manager (m\\\/w) mit Erfahrung im SEM, SMA, Mobile. Schreib uns \u27a8\",\"breadcrumb\":{\"@id\":\"https:\\\/\\\/www.online-marketing-russland.de\\\/en\\\/jobs\\\/#breadcrumb\"},\"inLanguage\":\"en-US\",\"potentialAction\":[{\"@type\":\"ReadAction\",\"target\":[\"https:\\\/\\\/www.online-marketing-russland.de\\\/en\\\/jobs\\\/\"]}]},{\"@type\":\"BreadcrumbList\",\"@id\":\"https:\\\/\\\/www.online-marketing-russland.de\\\/en\\\/jobs\\\/#breadcrumb\",\"itemListElement\":[{\"@type\":\"ListItem\",\"position\":1,\"name\":\"\u0413\u043b\u0430\u0432\u043d\u0430\u044f \u0441\u0442\u0440\u0430\u043d\u0438\u0446\u0430\",\"item\":\"https:\\\/\\\/www.online-marketing-russland.de\\\/en\\\/\"},{\"@type\":\"ListItem\",\"position\":2,\"name\":\"Jobs (Russian\\\/ Russia)\"}]},{\"@type\":\"WebSite\",\"@id\":\"https:\\\/\\\/www.online-marketing-russland.de\\\/en\\\/#website\",\"url\":\"https:\\\/\\\/www.online-marketing-russland.de\\\/en\\\/\",\"name\":\"ONMARUS\",\"description\":\"Digital Agency for Marketing in Russia\",\"publisher\":{\"@id\":\"https:\\\/\\\/www.online-marketing-russland.de\\\/en\\\/#organization\"},\"potentialAction\":[{\"@type\":\"SearchAction\",\"target\":{\"@type\":\"EntryPoint\",\"urlTemplate\":\"https:\\\/\\\/www.online-marketing-russland.de\\\/en\\\/?s={search_term_string}\"},\"query-input\":{\"@type\":\"PropertyValueSpecification\",\"valueRequired\":true,\"valueName\":\"search_term_string\"}}],\"inLanguage\":\"en-US\"},{\"@type\":\"Organization\",\"@id\":\"https:\\\/\\\/www.online-marketing-russland.de\\\/en\\\/#organization\",\"name\":\"ONMARUS eK\",\"url\":\"https:\\\/\\\/www.online-marketing-russland.de\\\/en\\\/\",\"logo\":{\"@type\":\"ImageObject\",\"inLanguage\":\"en-US\",\"@id\":\"https:\\\/\\\/www.online-marketing-russland.de\\\/en\\\/#\\\/schema\\\/logo\\\/image\\\/\",\"url\":\"https:\\\/\\\/www.online-marketing-russland.de\\\/wp-content\\\/uploads\\\/2016\\\/12\\\/onmarus_headlogo-2-2.jpg\",\"contentUrl\":\"https:\\\/\\\/www.online-marketing-russland.de\\\/wp-content\\\/uploads\\\/2016\\\/12\\\/onmarus_headlogo-2-2.jpg\",\"width\":250,\"height\":44,\"caption\":\"ONMARUS eK\"},\"image\":{\"@id\":\"https:\\\/\\\/www.online-marketing-russland.de\\\/en\\\/#\\\/schema\\\/logo\\\/image\\\/\"},\"sameAs\":[\"https:\\\/\\\/www.facebook.com\\\/online.marketing.russland\",\"https:\\\/\\\/x.com\\\/RusslandOnline\",\"https:\\\/\\\/www.linkedin.com\\\/company\\\/onlinemarketingrussland\",\"https:\\\/\\\/www.youtube.com\\\/channel\\\/UCPO6-mWQObAyQycTY5hUR6Q\"]}]}<\/script>\n<!-- \/ Yoast SEO plugin. -->","yoast_head_json":{"title":"Jobs! Wir stellen ein, bewirb Dich bei uns. | ONMARUS","description":"Neuer Job? Du bist Online Marketing Profi und kannst Russisch? Wir suchen Online Marketing Manager (m\/w) mit Erfahrung im SEM, SMA, Mobile. Schreib uns \u27a8","robots":{"index":"index","follow":"follow","max-snippet":"max-snippet:-1","max-image-preview":"max-image-preview:large","max-video-preview":"max-video-preview:-1"},"canonical":"https:\/\/www.online-marketing-russland.de\/en\/jobs\/","og_locale":"en_US","og_type":"article","og_title":"Jobs! Wir stellen ein, bewirb Dich bei uns. | ONMARUS","og_description":"Neuer Job? Du bist Online Marketing Profi und kannst Russisch? Wir suchen Online Marketing Manager (m\/w) mit Erfahrung im SEM, SMA, Mobile. Schreib uns \u27a8","og_url":"https:\/\/www.online-marketing-russland.de\/en\/jobs\/","og_site_name":"ONMARUS","article_publisher":"https:\/\/www.facebook.com\/online.marketing.russland","article_modified_time":"2019-03-28T09:41:25+00:00","twitter_card":"summary_large_image","twitter_site":"@RusslandOnline","twitter_misc":{"Est. reading time":"6 minutes"},"schema":{"@context":"https:\/\/schema.org","@graph":[{"@type":"WebPage","@id":"https:\/\/www.online-marketing-russland.de\/en\/jobs\/","url":"https:\/\/www.online-marketing-russland.de\/en\/jobs\/","name":"Jobs! Wir stellen ein, bewirb Dich bei uns. | ONMARUS","isPartOf":{"@id":"https:\/\/www.online-marketing-russland.de\/en\/#website"},"datePublished":"2016-03-11T21:02:16+00:00","dateModified":"2019-03-28T09:41:25+00:00","description":"Neuer Job? Du bist Online Marketing Profi und kannst Russisch? Wir suchen Online Marketing Manager (m\/w) mit Erfahrung im SEM, SMA, Mobile. Schreib uns \u27a8","breadcrumb":{"@id":"https:\/\/www.online-marketing-russland.de\/en\/jobs\/#breadcrumb"},"inLanguage":"en-US","potentialAction":[{"@type":"ReadAction","target":["https:\/\/www.online-marketing-russland.de\/en\/jobs\/"]}]},{"@type":"BreadcrumbList","@id":"https:\/\/www.online-marketing-russland.de\/en\/jobs\/#breadcrumb","itemListElement":[{"@type":"ListItem","position":1,"name":"\u0413\u043b\u0430\u0432\u043d\u0430\u044f \u0441\u0442\u0440\u0430\u043d\u0438\u0446\u0430","item":"https:\/\/www.online-marketing-russland.de\/en\/"},{"@type":"ListItem","position":2,"name":"Jobs (Russian\/ Russia)"}]},{"@type":"WebSite","@id":"https:\/\/www.online-marketing-russland.de\/en\/#website","url":"https:\/\/www.online-marketing-russland.de\/en\/","name":"ONMARUS","description":"Digital Agency for Marketing in Russia","publisher":{"@id":"https:\/\/www.online-marketing-russland.de\/en\/#organization"},"potentialAction":[{"@type":"SearchAction","target":{"@type":"EntryPoint","urlTemplate":"https:\/\/www.online-marketing-russland.de\/en\/?s={search_term_string}"},"query-input":{"@type":"PropertyValueSpecification","valueRequired":true,"valueName":"search_term_string"}}],"inLanguage":"en-US"},{"@type":"Organization","@id":"https:\/\/www.online-marketing-russland.de\/en\/#organization","name":"ONMARUS eK","url":"https:\/\/www.online-marketing-russland.de\/en\/","logo":{"@type":"ImageObject","inLanguage":"en-US","@id":"https:\/\/www.online-marketing-russland.de\/en\/#\/schema\/logo\/image\/","url":"https:\/\/www.online-marketing-russland.de\/wp-content\/uploads\/2016\/12\/onmarus_headlogo-2-2.jpg","contentUrl":"https:\/\/www.online-marketing-russland.de\/wp-content\/uploads\/2016\/12\/onmarus_headlogo-2-2.jpg","width":250,"height":44,"caption":"ONMARUS eK"},"image":{"@id":"https:\/\/www.online-marketing-russland.de\/en\/#\/schema\/logo\/image\/"},"sameAs":["https:\/\/www.facebook.com\/online.marketing.russland","https:\/\/x.com\/RusslandOnline","https:\/\/www.linkedin.com\/company\/onlinemarketingrussland","https:\/\/www.youtube.com\/channel\/UCPO6-mWQObAyQycTY5hUR6Q"]}]}},"_links":{"self":[{"href":"https:\/\/www.online-marketing-russland.de\/en\/wp-json\/wp\/v2\/pages\/2887","targetHints":{"allow":["GET"]}}],"collection":[{"href":"https:\/\/www.online-marketing-russland.de\/en\/wp-json\/wp\/v2\/pages"}],"about":[{"href":"https:\/\/www.online-marketing-russland.de\/en\/wp-json\/wp\/v2\/types\/page"}],"author":[{"embeddable":true,"href":"https:\/\/www.online-marketing-russland.de\/en\/wp-json\/wp\/v2\/users\/1"}],"replies":[{"embeddable":true,"href":"https:\/\/www.online-marketing-russland.de\/en\/wp-json\/wp\/v2\/comments?post=2887"}],"version-history":[{"count":10,"href":"https:\/\/www.online-marketing-russland.de\/en\/wp-json\/wp\/v2\/pages\/2887\/revisions"}],"predecessor-version":[{"id":5004,"href":"https:\/\/www.online-marketing-russland.de\/en\/wp-json\/wp\/v2\/pages\/2887\/revisions\/5004"}],"wp:attachment":[{"href":"https:\/\/www.online-marketing-russland.de\/en\/wp-json\/wp\/v2\/media?parent=2887"}],"curies":[{"name":"wp","href":"https:\/\/api.w.org\/{rel}","templated":true}]}}